{"id":34,"date":"2023-04-22T00:12:57","date_gmt":"2023-04-22T00:12:57","guid":{"rendered":"https:\/\/www.kenyandakar.org\/?page_id=34"},"modified":"2023-06-28T09:14:18","modified_gmt":"2023-06-28T09:14:18","slug":"tourisme","status":"publish","type":"page","link":"https:\/\/kenya.hebersenegal.sn\/?page_id=34","title":{"rendered":"Tourisme"},"content":{"rendered":"<p>[vc_row rt_row_background_width=&#8221;default&#8221; rt_row_style=&#8221;default-style&#8221; rt_row_borders=&#8221;&#8221; rt_row_paddings=&#8221;true&#8221; rt_bg_effect=&#8221;classic&#8221; rt_bg_image_repeat=&#8221;repeat&#8221; rt_bg_size=&#8221;cover&#8221; rt_bg_position=&#8221;right top&#8221; rt_bg_attachment=&#8221;scroll&#8221; rt_bg_video_format=&#8221;self-hosted&#8221;][vc_column rt_wrp_col_paddings=&#8221;false&#8221; rt_border_top=&#8221;&#8221; rt_border_bottom=&#8221;&#8221; rt_border_left=&#8221;&#8221; rt_border_right=&#8221;&#8221; rt_border_top_mobile=&#8221;&#8221; rt_border_bottom_mobile=&#8221;&#8221; rt_border_left_mobile=&#8221;&#8221; rt_border_right_mobile=&#8221;&#8221; rt_bg_image_repeat=&#8221;repeat&#8221; rt_bg_size=&#8221;auto auto&#8221; rt_bg_position=&#8221;right top&#8221; rt_bg_attachment=&#8221;scroll&#8221;]<div class=\"rt_heading_wrapper \">\n\t\t\t\t\t\t<h1 class=\"rt_heading  \" >TOURISME<\/h1>\n\t\t\t\t\t<\/div>[vc_column_text]<img loading=\"lazy\" decoding=\"async\" class=\"size-medium wp-image-451 alignleft\" src=\"http:\/\/www.kenya.hebersenegal.sn\/wp-content\/uploads\/2023\/06\/tourism-image-300x226.png\" alt=\"\" width=\"300\" height=\"226\" srcset=\"https:\/\/kenya.hebersenegal.sn\/wp-content\/uploads\/2023\/06\/tourism-image-300x226.png 300w, https:\/\/kenya.hebersenegal.sn\/wp-content\/uploads\/2023\/06\/tourism-image-768x579.png 768w, https:\/\/kenya.hebersenegal.sn\/wp-content\/uploads\/2023\/06\/tourism-image.png 872w\" sizes=\"auto, (max-width: 300px) 100vw, 300px\" \/>Le Kenya est c\u00e9l\u00e8bre\u00a0pour ses paysages pittoresques et ses vastes r\u00e9serves fauniques. Il englobe la savane, les terres lacustres, la spectaculaire vall\u00e9e du Grand Rift et les hautes terres montagneuses et abrite \u00e9galement certaines des meilleures plages du continent. Il abrite \u00e9galement des animaux sauvages tels que des lions, des \u00e9l\u00e9phants et des rhinoc\u00e9ros trouv\u00e9s dans le parc national de Nairobi, le seul parc national au monde qui existe dans une capitale. Pour les amateurs de safari dans le d\u00e9sert, le d\u00e9sert de Chalbi dans le comt\u00e9 de Marsabit et le d\u00e9sert de Nyiri situ\u00e9 dans le comt\u00e9 de Kajiado sont un v\u00e9ritable joyau.<\/p>\n<p>The Mandate of the Ministry of Tourism and Wildlife as derived from the Executive Order No. 1 of June 2018 on Organisation of the Government of the Republic of Kenya is:-<\/p>\n<div class=\"fusion-layout-column fusion_builder_column fusion_builder_column_1_2 fusion-one-half fusion-column-first 1_2\">\n<div class=\"fusion-column-wrapper\" data-bg-url=\"\">\n<div class=\"fusion-text\">\n<ol>\n<li>Tourism Policy and Standards.<\/li>\n<li>Wildlife Conservation and Protection Policy.<\/li>\n<li>Protection of Wildlife Heritage.<\/li>\n<li>Management of National Parks, Reserves and Marine Parks.<\/li>\n<li>Development and Promotion of Tourism.<\/li>\n<li>Wildlife Conservation Training and Research.<\/li>\n<li>Wildlife Conservation and Protection Education and Awareness.<\/li>\n<li>Training on Tourism Services.<\/li>\n<li>Tourism Financing.<\/li>\n<li>Tourism Research and Monitoring.<\/li>\n<li>Protection of Tourism and Regulation.<\/li>\n<li>Marketing of Kenya to Local and International Tourists.<\/li>\n<li>Wildlife Biodiversity Management and Protection.<\/li>\n<li>Collaboration with Wildlife Clubs of Kenya.<\/li>\n<li>Management of Wildlife Dispersal Areas in collaboration with Partners.<\/li>\n<\/ol>\n<\/div>\n<div class=\"fusion-clearfix\"><\/div>\n<\/div>\n<\/div>\n<div class=\"fusion-layout-column fusion_builder_column fusion_builder_column_1_2 fusion-one-half fusion-column-last 1_2\">\n<div class=\"fusion-column-wrapper\" data-bg-url=\"\">\n<div class=\"fusion-text\">\n<p>The said mandate is achieved through the through following institutions:-<\/p>\n<ol>\n<li>Kenya Tourism Regulatory Authority (Tourism Act, 2011)<\/li>\n<li>Kenya Wildlife Service (Wildlife Conservation and Management Act, 2013)<\/li>\n<li>Kenya Wildlife Research and Training Institute<\/li>\n<li>Kenya Tourism Finance Corporation (Tourism Act, 2011, Cap23)<\/li>\n<li>Kenya Utalii College (Tourism Act, 2011)<\/li>\n<li>The Kenya Tourism Fund (Tourism Act, 2011)<\/li>\n<li>Kenya Tourism Research Institute and Monitoring Mechanism (Tourism Act,2011)<\/li>\n<li>Kenya Tourism Protection Service (Tourism Act,2011)<\/li>\n<li>Kenya Tourism Board (Tourism Act, 2011)<\/li>\n<li>Brand Kenya (Brand Kenya Board Order, No. 109 of 2008)<\/li>\n<li>Kenyatta International Conventional Centre (Tourism Act,2011)<\/li>\n<li>Bomas of Kenya<\/li>\n<li>Kenya Safari Lodges and Hotels<\/li>\n<li>Kenya Cultural Centre (Kenya Cultural Centre, Cap. 218)<\/li>\n<\/ol>\n<\/div>\n<\/div>\n<\/div>\n<p><strong>Pour plus d\u2019informations sur le Tourisme Contacter la Ministere Minist\u00e8re du Tourisme Faune &amp; Patrimoine<\/strong>[\/vc_column_text][\/vc_column][\/vc_row][vc_row rt_row_background_width=&#8221;default&#8221; rt_row_style=&#8221;default-style&#8221; rt_row_borders=&#8221;&#8221; rt_row_paddings=&#8221;true&#8221; rt_bg_effect=&#8221;classic&#8221; rt_bg_image_repeat=&#8221;repeat&#8221; rt_bg_size=&#8221;cover&#8221; rt_bg_position=&#8221;right top&#8221; rt_bg_attachment=&#8221;scroll&#8221; rt_bg_video_format=&#8221;self-hosted&#8221;][vc_column rt_wrp_col_paddings=&#8221;false&#8221; rt_border_top=&#8221;&#8221; rt_border_bottom=&#8221;&#8221; rt_border_left=&#8221;&#8221; rt_border_right=&#8221;&#8221; rt_border_top_mobile=&#8221;&#8221; rt_border_bottom_mobile=&#8221;&#8221; rt_border_left_mobile=&#8221;&#8221; rt_border_right_mobile=&#8221;&#8221; rt_bg_image_repeat=&#8221;repeat&#8221; rt_bg_size=&#8221;auto auto&#8221; rt_bg_position=&#8221;right top&#8221; rt_bg_attachment=&#8221;scroll&#8221;][vc_video link=&#8221;https:\/\/youtu.be\/zh3henkXVqM&#8221; title=&#8221;Magical Kenya Signature Experiences&#8221;][\/vc_column][\/vc_row]<\/p>\n","protected":false},"excerpt":{"rendered":"<p>[vc_row rt_row_background_width=&#8221;default&#8221; rt_row_style=&#8221;default-style&#8221; rt_row_borders=&#8221;&#8221; rt_row_paddings=&#8221;true&#8221; rt_bg_effect=&#8221;classic&#8221; rt_bg_image_repeat=&#8221;repeat&#8221; rt_bg_size=&#8221;cover&#8221; rt_bg_position=&#8221;right top&#8221; rt_bg_attachment=&#8221;scroll&#8221; rt_bg_video_format=&#8221;self-hosted&#8221;][vc_column rt_wrp_col_paddings=&#8221;false&#8221; rt_border_top=&#8221;&#8221; rt_border_bottom=&#8221;&#8221; rt_border_left=&#8221;&#8221; rt_border_right=&#8221;&#8221; rt_border_top_mobile=&#8221;&#8221; rt_border_bottom_mobile=&#8221;&#8221; rt_border_left_mobile=&#8221;&#8221; rt_border_right_mobile=&#8221;&#8221; rt_bg_image_repeat=&#8221;repeat&#8221; rt_bg_size=&#8221;auto auto&#8221; rt_bg_position=&#8221;right top&#8221; rt_bg_attachment=&#8221;scroll&#8221;][vc_column_text]Le Kenya est c\u00e9l\u00e8bre\u00a0pour ses paysages pittoresques et ses vastes r\u00e9serves fauniques. Il englobe la savane, les terres lacustres, la spectaculaire vall\u00e9e du Grand Rift et les hautes terres [&hellip;]<\/p>\n","protected":false},"author":1,"featured_media":0,"parent":0,"menu_order":0,"comment_status":"closed","ping_status":"closed","template":"","meta":{"footnotes":""},"class_list":["post-34","page","type-page","status-publish","hentry"],"_links":{"self":[{"href":"https:\/\/kenya.hebersenegal.sn\/index.php?rest_route=\/wp\/v2\/pages\/34","targetHints":{"allow":["GET"]}}],"collection":[{"href":"https:\/\/kenya.hebersenegal.sn\/index.php?rest_route=\/wp\/v2\/pages"}],"about":[{"href":"https:\/\/kenya.hebersenegal.sn\/index.php?rest_route=\/wp\/v2\/types\/page"}],"author":[{"embeddable":true,"href":"https:\/\/kenya.hebersenegal.sn\/index.php?rest_route=\/wp\/v2\/users\/1"}],"replies":[{"embeddable":true,"href":"https:\/\/kenya.hebersenegal.sn\/index.php?rest_route=%2Fwp%2Fv2%2Fcomments&post=34"}],"version-history":[{"count":14,"href":"https:\/\/kenya.hebersenegal.sn\/index.php?rest_route=\/wp\/v2\/pages\/34\/revisions"}],"predecessor-version":[{"id":50,"href":"https:\/\/kenya.hebersenegal.sn\/index.php?rest_route=\/wp\/v2\/pages\/34\/revisions\/50"}],"wp:attachment":[{"href":"https:\/\/kenya.hebersenegal.sn\/index.php?rest_route=%2Fwp%2Fv2%2Fmedia&parent=34"}],"curies":[{"name":"wp","href":"https:\/\/api.w.org\/{rel}","templated":true}]}}